
{"id":245,"date":"2023-11-15T20:47:17","date_gmt":"2023-11-16T01:47:17","guid":{"rendered":"http:\/\/luluspastabar.com\/emplacement\/"},"modified":"2026-04-27T12:49:25","modified_gmt":"2026-04-27T16:49:25","slug":"emplacement","status":"publish","type":"page","link":"https:\/\/luluspastabar.com\/fr\/emplacement\/","title":{"rendered":"Emplacements"},"content":{"rendered":"<div class=\"gb-container gb-container-1b06c19c\">\n<div class=\"gb-container gb-container-879d55b5\">\n\n<h1 class=\"wp-block-heading has-text-align-center\">Emplacements<\/h1>\n\n\n\n<p class=\"has-text-align-center text-maxwidth\">Lulu\u2019s bar \u00e0 p\u00e2tes offre une exp\u00e9rience gastronomique captivante dans le cadre anim\u00e9 de notre belle ville.<\/p>\n\n<\/div>\n<\/div>\n\n<div class=\"gb-container gb-container-70e0f8d9 resolution4k-width\">\n<div class=\"gb-container gb-container-9a1fc170 resolution4k-width\">\n\n<figure class=\"gb-block-image gb-block-image-1b22f8da\"><img loading=\"lazy\" decoding=\"async\" width=\"500\" height=\"500\" class=\"gb-image gb-image-1b22f8da lulus-menu-badge\" src=\"https:\/\/luluspastabar.com\/wp-content\/uploads\/2026\/01\/lulus-bar-a-pates-logo-sticker-new.webp\" alt=\"\" title=\"lulus-bar-a-pates-logo-sticker-new\" srcset=\"https:\/\/luluspastabar.com\/wp-content\/uploads\/2026\/01\/lulus-bar-a-pates-logo-sticker-new.webp 500w, https:\/\/luluspastabar.com\/wp-content\/uploads\/2026\/01\/lulus-bar-a-pates-logo-sticker-new-300x300.webp 300w, https:\/\/luluspastabar.com\/wp-content\/uploads\/2026\/01\/lulus-bar-a-pates-logo-sticker-new-150x150.webp 150w\" sizes=\"auto, (max-width: 500px) 100vw, 500px\" \/><\/figure>\n\n\n\n<h4 class=\"gb-headline gb-headline-375d0ffc gb-headline-text\">Griffintown<\/h4>\n\n\n<div class=\"gb-grid-wrapper gb-grid-wrapper-c328c0b7\">\n<div class=\"gb-grid-column gb-grid-column-df56dbd3\"><div class=\"gb-container gb-container-df56dbd3\">\n\n<p class=\"has-text-align-left\">1346 rue Notre-Dame, Montr\u00e9al, Qu\u00e9bec H3C 1K7 <a href=\"https:\/\/maps.app.goo.gl\/brqZqnejpXo1j37u8\" target=\"_blank\" rel=\"noreferrer noopener\">Directions<\/a><\/p>\n\n\n\n<p class=\"has-text-align-left\"><a href=\"tel:5145041111\">(514) 504-1111<\/a> | <a href=\"mailto:nd@luluspastabar.com\">nd<\/a><a href=\"mailto:info@luluspastabar.com\">@luluspastabar.com<\/a><\/p>\n\n\n\n<p class=\"has-text-align-left\"><strong>HEURES D&rsquo;OUVERTURE<br><\/strong>Du lundi au samedi | <mark style=\"background-color:rgba(0, 0, 0, 0)\" class=\"has-inline-color has-accent-color\">11h-22h30<\/mark><br>Dimanche | <mark style=\"background-color:rgba(0, 0, 0, 0)\" class=\"has-inline-color has-accent-color\"><mark style=\"background-color:rgba(0, 0, 0, 0)\" class=\"has-inline-color has-accent-color\">13h-<\/mark>22h30<\/mark><\/p>\n\n\n\n<a class=\"gb-button gb-button-69db3063 gb-button-text\" href=\"http:\/\/luluspastabar.com\/menu\/\"><strong>VOIR NOTRE MENU<\/strong><\/a>\n\n\n\n<a class=\"gb-button gb-button-12de3ced gb-button-text\" href=\"https:\/\/order.koomi.com\/lulus-pasta-bar-r80a5bBNnz\/en\"><strong>COMMANDER EN LIGNE<\/strong><\/a>\n\n<\/div><\/div>\n\n<div class=\"gb-grid-column gb-grid-column-d69dc443\"><div class=\"gb-container gb-container-d69dc443\">\n\n<iframe src=\"https:\/\/www.google.com\/maps\/embed?pb=!1m18!1m12!1m3!1d4703.836263450363!2d-73.56812542926242!3d45.491600495902965!2m3!1f0!2f0!3f0!3m2!1i1024!2i768!4f13.1!3m3!1m2!1s0x4cc91b115ecec4ff%3A0xbcc893cbaf93e36f!2sBar%20%C3%A0%20P%C3%A2tes%20Lulu&#39;s%20%2F%20Lulu&#39;s%20Pasta%20Bar!5e0!3m2!1sen!2sca!4v1731519410006!5m2!1sen!2sca\" width=\"100%\" height=\"275\" style=\"border:0;margin-bottom:-6px;\" allowfullscreen=\"\" loading=\"lazy\" referrerpolicy=\"no-referrer-when-downgrade\"><\/iframe>\n\n<\/div><\/div>\n<\/div>\n\n\n<div style=\"height:100px\" aria-hidden=\"true\" class=\"wp-block-spacer\"><\/div>\n\n\n\n<h4 class=\"gb-headline gb-headline-65fc1b31 gb-headline-text\">Quartier Latin<\/h4>\n\n\n<div class=\"gb-grid-wrapper gb-grid-wrapper-066cf780\">\n<div class=\"gb-grid-column gb-grid-column-ed9e60fc\"><div class=\"gb-container gb-container-ed9e60fc\">\n\n<p class=\"has-text-align-left\">365 rue Ontario, Montr\u00e9al, Qu\u00e9bec H2X 1H9<br><a href=\"https:\/\/www.google.com\/maps\/place\/Bar+%C3%A0+P%C3%A2tes+Lulu's+%2F+Lulu's+Pasta+Bar\/@45.5152877,-73.5684776,15z\/data=!4m15!1m8!3m7!1s0x4cc91bd192d52ab1:0xdf672d1ee5eca55c!2sLe+Plateau-Mont-Royal,+Montreal,+QC!3b1!8m2!3d45.5262851!4d-73.5879706!16zL20vMDczeWZ3!3m5!1s0x4cc91b004e673787:0x9d245146598521f4!8m2!3d45.5156599!4d-73.565658!16s%2Fg%2F11w98vk0ft?entry=ttu&amp;g_ep=EgoyMDI0MTExMS4wIKXMDSoASAFQAw%3D%3D\" target=\"_blank\" rel=\"noreferrer noopener\">Directions<\/a><\/p>\n\n\n\n<p class=\"has-text-align-left\"><a href=\"tel:5143030249\">(514) 303-0249<\/a> | <a href=\"mailto:365@luluspastabar.com\">365@luluspastabar.com<\/a><\/p>\n\n\n\n<p class=\"has-text-align-left\"><strong>HEURES D&rsquo;OUVERTURE<br><\/strong>Du lundi au mercredi | <mark style=\"background-color:rgba(0, 0, 0, 0)\" class=\"has-inline-color has-accent-color\">11h-22h30<\/mark><br>Du jeudi au samedi | <mark style=\"background-color:rgba(0, 0, 0, 0)\" class=\"has-inline-color has-accent-color\">11h-23h00<\/mark><br>Dimanche | <mark style=\"background-color:rgba(0, 0, 0, 0)\" class=\"has-inline-color has-accent-color\"><mark style=\"background-color:rgba(0, 0, 0, 0)\" class=\"has-inline-color has-accent-color\">13h-<\/mark>22h30<\/mark><\/p>\n\n\n\n<a class=\"gb-button gb-button-0faa34ab gb-button-text\" href=\"http:\/\/luluspastabar.com\/menu\/\"><strong>VOIR NOTRE MENU<\/strong><\/a>\n\n\n\n<a class=\"gb-button gb-button-b429edce gb-button-text\" href=\"https:\/\/order.koomi.com\/lulus-pasta-bar-r80a5bBNnz\/en\"><strong>COMMANDER EN LIGNE<\/strong><\/a>\n\n<\/div><\/div>\n\n<div class=\"gb-grid-column gb-grid-column-7b6f016d\"><div class=\"gb-container gb-container-7b6f016d\">\n\n<iframe src=\"https:\/\/www.google.com\/maps\/embed?pb=!1m14!1m8!1m3!1d6649.503198608131!2d-73.56761167383664!3d45.514674183816645!3m2!1i1024!2i768!4f13.1!3m3!1m2!1s0x4cc91b004e673787%3A0x9d245146598521f4!2sBar%20%C3%A0%20P%C3%A2tes%20Lulu&#39;s%20%2F%20Lulu&#39;s%20Pasta%20Bar!5e0!3m2!1sen!2sca!4v1731519304011!5m2!1sen!2sca\" width=\"100%\" height=\"275\" style=\"border:0;margin-bottom:-6px;\" allowfullscreen=\"\" loading=\"lazy\" referrerpolicy=\"no-referrer-when-downgrade\"><\/iframe>\n\n<\/div><\/div>\n<\/div>\n\n\n<div style=\"height:100px\" aria-hidden=\"true\" class=\"wp-block-spacer\"><\/div>\n\n\n\n<h4 class=\"gb-headline gb-headline-d7903df4 gb-headline-text\">Carrefour Laval<\/h4>\n\n\n<div class=\"gb-grid-wrapper gb-grid-wrapper-82adad10\">\n<div class=\"gb-grid-column gb-grid-column-dcb559ec\"><div class=\"gb-container gb-container-dcb559ec\">\n\n<p class=\"has-text-align-left\">3003 Boul. le Carrefour, Laval, QC H7T 1C7<br><a href=\"https:\/\/maps.app.goo.gl\/DtvApBTu2rAoFHG48\" target=\"_blank\" rel=\"noreferrer noopener\">Directions<\/a><\/p>\n\n\n\n<p class=\"has-text-align-left\"><a href=\"tel:4506817777\">(450) 681-7777<\/a> | <a href=\"mailto:c@luluspastabar.com\">c@luluspastabar.com<\/a><\/p>\n\n\n\n<p class=\"has-text-align-left\"><strong>HEURES D&rsquo;OUVERTURE<\/strong><br>lundi &#8211; mercredi | <mark style=\"background-color:rgba(0, 0, 0, 0)\" class=\"has-inline-color has-accent-color\">11h-19h<\/mark><br>jeudi &#8211; vendredi | <mark style=\"background-color:rgba(0, 0, 0, 0)\" class=\"has-inline-color has-accent-color\">11h-21h<\/mark><br>samedi | <mark style=\"background-color:rgba(0, 0, 0, 0)\" class=\"has-inline-color has-accent-color\"><mark style=\"background-color:rgba(0, 0, 0, 0)\" class=\"has-inline-color has-accent-color\">11h-19h<\/mark><\/mark><br>dimanche | <mark style=\"background-color:rgba(0, 0, 0, 0)\" class=\"has-inline-color has-accent-color\"><mark style=\"background-color:rgba(0, 0, 0, 0)\" class=\"has-inline-color has-accent-color\">11h-18h<\/mark><\/mark><\/p>\n\n\n\n<a class=\"gb-button gb-button-970a1555 gb-button-text\" href=\"http:\/\/luluspastabar.com\/menu\/\"><strong>VOIR NOTRE MENU<\/strong><\/a>\n\n<\/div><\/div>\n\n<div class=\"gb-grid-column gb-grid-column-96147d94\"><div class=\"gb-container gb-container-96147d94\">\n\n<iframe src=\"https:\/\/www.google.com\/maps\/embed?pb=!1m18!1m12!1m3!1d2792.98616951755!2d-73.75419362327102!3d45.5707167263247!2m3!1f0!2f0!3f0!3m2!1i1024!2i768!4f13.1!3m3!1m2!1s0x4cc923c32289b30f%3A0x422fac0ebcb80245!2s3003%20Boul.%20le%20Carrefour%2C%20Laval%2C%20QC%20H7T%201C8!5e0!3m2!1sen!2sca!4v1740503686507!5m2!1sen!2sca\" width=\"100%\" height=\"275\" style=\"border:0;margin-bottom:-6px;\" allowfullscreen=\"\" loading=\"lazy\" referrerpolicy=\"no-referrer-when-downgrade\"><\/iframe>\n\n<\/div><\/div>\n<\/div>\n\n\n<div style=\"height:100px\" aria-hidden=\"true\" class=\"wp-block-spacer\"><\/div>\n\n\n\n<h4 class=\"gb-headline gb-headline-0b5d3ccd gb-headline-text\">Centre ville<\/h4>\n\n\n<div class=\"gb-grid-wrapper gb-grid-wrapper-10772c7f\">\n<div class=\"gb-grid-column gb-grid-column-33582410\"><div class=\"gb-container gb-container-33582410\">\n\n<p class=\"has-text-align-left\">1396 Boul. De Maisonneuve Ouest, Montreal, QC H3G 2E4<br><a href=\"https:\/\/maps.app.goo.gl\/qBgDSuuhuccLTCkP6\" target=\"_blank\" rel=\"noreferrer noopener\">Directions<\/a><\/p>\n\n\n\n<p class=\"has-text-align-left\"><strong><strong><strong><strong>HEURES D&rsquo;OUVERTURE<br><\/strong><\/strong><\/strong><\/strong>Du lundi au mercredi | <mark style=\"background-color:rgba(0, 0, 0, 0)\" class=\"has-inline-color has-accent-color\">11h-22h30<\/mark><br>Du jeudi au samedi | <mark style=\"background-color:rgba(0, 0, 0, 0)\" class=\"has-inline-color has-accent-color\">11h-23h00<\/mark><br>Dimanche | <mark style=\"background-color:rgba(0, 0, 0, 0)\" class=\"has-inline-color has-accent-color\"><mark style=\"background-color:rgba(0, 0, 0, 0)\" class=\"has-inline-color has-accent-color\">13h-<\/mark>22h30<\/mark><\/p>\n\n\n\n<a class=\"gb-button gb-button-d01910c2 gb-button-text\" href=\"http:\/\/luluspastabar.com\/menu\/\"><strong>VOIR NOTRE MENU<\/strong><\/a>\n\n<\/div><\/div>\n\n<div class=\"gb-grid-column gb-grid-column-01b41807\"><div class=\"gb-container gb-container-01b41807\">\n\n<iframe src=\"https:\/\/www.google.com\/maps\/embed?pb=!1m18!1m12!1m3!1d2796.628662106474!2d-73.58036902327396!3d45.497422031220665!2m3!1f0!2f0!3f0!3m2!1i1024!2i768!4f13.1!3m3!1m2!1s0x4cc91a41d79dcd09%3A0x6f27f33d5b42bbce!2s1396%20Blvd.%20De%20Maisonneuve%20Ouest%2C%20Montreal%2C%20QC!5e0!3m2!1sen!2sca!4v1757533070553!5m2!1sen!2sca\" width=\"100%\" height=\"275\" style=\"border:0;margin-bottom:-6px;\" allowfullscreen=\"\" loading=\"lazy\" referrerpolicy=\"no-referrer-when-downgrade\"><\/iframe>\n\n<\/div><\/div>\n<\/div>\n<\/div>\n<\/div>\n\n<div class=\"gb-container gb-container-8bd30937 parallax\">\n\n<figure class=\"gb-block-image gb-block-image-c95efb95\"><img loading=\"lazy\" decoding=\"async\" width=\"1920\" height=\"669\" class=\"gb-image gb-image-c95efb95 parallax-image\" src=\"https:\/\/luluspastabar.com\/wp-content\/uploads\/2024\/01\/pre-footer-ingredients-02.webp\" alt=\"\" title=\"pre-footer-ingredients-02\" srcset=\"https:\/\/luluspastabar.com\/wp-content\/uploads\/2024\/01\/pre-footer-ingredients-02.webp 1920w, https:\/\/luluspastabar.com\/wp-content\/uploads\/2024\/01\/pre-footer-ingredients-02-300x105.webp 300w, https:\/\/luluspastabar.com\/wp-content\/uploads\/2024\/01\/pre-footer-ingredients-02-1024x357.webp 1024w, https:\/\/luluspastabar.com\/wp-content\/uploads\/2024\/01\/pre-footer-ingredients-02-768x268.webp 768w, https:\/\/luluspastabar.com\/wp-content\/uploads\/2024\/01\/pre-footer-ingredients-02-1536x535.webp 1536w\" sizes=\"auto, (max-width: 1920px) 100vw, 1920px\" \/><\/figure>\n\n<\/div>","protected":false},"excerpt":{"rendered":"<p>Emplacements Lulu\u2019s bar \u00e0 p\u00e2tes offre une exp\u00e9rience gastronomique captivante dans le cadre anim\u00e9 de notre belle ville. Griffintown Quartier Latin Carrefour Laval Centre ville<\/p>\n","protected":false},"author":2,"featured_media":0,"parent":0,"menu_order":0,"comment_status":"closed","ping_status":"closed","template":"","meta":{"footnotes":""},"class_list":["post-245","page","type-page","status-publish"],"_links":{"self":[{"href":"https:\/\/luluspastabar.com\/fr\/wp-json\/wp\/v2\/pages\/245","targetHints":{"allow":["GET"]}}],"collection":[{"href":"https:\/\/luluspastabar.com\/fr\/wp-json\/wp\/v2\/pages"}],"about":[{"href":"https:\/\/luluspastabar.com\/fr\/wp-json\/wp\/v2\/types\/page"}],"author":[{"embeddable":true,"href":"https:\/\/luluspastabar.com\/fr\/wp-json\/wp\/v2\/users\/2"}],"replies":[{"embeddable":true,"href":"https:\/\/luluspastabar.com\/fr\/wp-json\/wp\/v2\/comments?post=245"}],"version-history":[{"count":0,"href":"https:\/\/luluspastabar.com\/fr\/wp-json\/wp\/v2\/pages\/245\/revisions"}],"wp:attachment":[{"href":"https:\/\/luluspastabar.com\/fr\/wp-json\/wp\/v2\/media?parent=245"}],"curies":[{"name":"wp","href":"https:\/\/api.w.org\/{rel}","templated":true}]}}