
{"id":246,"date":"2023-11-15T20:47:07","date_gmt":"2023-11-16T01:47:07","guid":{"rendered":"http:\/\/luluspastabar.com\/a-propos\/"},"modified":"2024-01-04T15:05:43","modified_gmt":"2024-01-04T20:05:43","slug":"a-propos","status":"publish","type":"page","link":"https:\/\/luluspastabar.com\/fr\/a-propos\/","title":{"rendered":"\u00c0 propos"},"content":{"rendered":"<div class=\"gb-container gb-container-02990e88\">\n<div class=\"gb-container gb-container-ebb78631 resolution4k-width\">\n\n<h1 class=\"wp-block-heading has-text-align-center\">\u00c0 propos de Lulu&rsquo;s<\/h1>\n\n\n\n<p class=\"has-text-align-center text-maxwidth\">Bienvenue chez Lulu\u2019s Pasta Bar, o\u00f9 la passion pour les p\u00e2tes fra\u00eeches rencontre le plaisir de la d\u00e9gustation. Chez Lulu\u2019s, nous croyons \u00e0 servir plus qu\u2019un simple repas rapide ; nous offrons une exp\u00e9rience \u00e9labor\u00e9e avec amour, d\u00e9vouement et les meilleurs ingr\u00e9dients que nos mains peuvent obtenir.<\/p>\n\n\n\n<div style=\"height:100px\" aria-hidden=\"true\" class=\"wp-block-spacer\"><\/div>\n\n\n<div class=\"gb-grid-wrapper gb-grid-wrapper-608f5984\">\n<div class=\"gb-grid-column gb-grid-column-98146f1d\"><div class=\"gb-container gb-container-98146f1d\">\n\n<h4 class=\"wp-block-heading\">Notre histoire<\/h4>\n\n\n\n<p>Bienvenue chez Lulu\u2019s Pasta Bar, o\u00f9 la passion pour les p\u00e2tes fra\u00eeches rencontre le plaisir de la d\u00e9gustation. Chez Lulu\u2019s, nous croyons \u00e0 servir plus qu\u2019un simple repas rapide ; nous offrons une exp\u00e9rience \u00e9labor\u00e9e avec amour, d\u00e9vouement et les meilleurs ingr\u00e9dients que nos mains peuvent obtenir.<\/p>\n\n\n\n<h4 class=\"wp-block-heading\">Notre mission<\/h4>\n\n\n\n<p>Chez Lulu\u2019s, notre mission est de red\u00e9finir l\u2019exp\u00e9rience des p\u00e2tes fra\u00eeches. Nous aspirons \u00e0 \u00eatre plus qu\u2019un simple restaurant rapide ; nous visons \u00e0 \u00eatre la destination privil\u00e9gi\u00e9e des amateurs de p\u00e2tes fra\u00eeches en qu\u00eate de qualit\u00e9, de vari\u00e9t\u00e9 et de praticit\u00e9. Que vous soyez seul \u00e0 la recherche d\u2019un d\u00e9jeuner rapide ou une famille en qu\u00eate d\u2019un d\u00eener d\u00e9licieux, nous avons quelque chose pour tous les go\u00fbts.<\/p>\n\n\n\n<h4 class=\"wp-block-heading\">Ingr\u00e9dients de qualit\u00e9<\/h4>\n\n\n\n<p>Ce qui distingue Lulu\u2019s, c\u2019est notre engagement ind\u00e9fectible \u00e0 utiliser les meilleurs ingr\u00e9dients frais. Nos p\u00e2tes fra\u00eeches v\u00e9ganes sont \u00e9labor\u00e9es avec pr\u00e9cision en utilisant de la farine de semoule, offrant des avantages nutritionnels. Chaque sauce est une \u0153uvre d\u2019amour. Du classique aux cr\u00e9ations innovantes, notre menu refl\u00e8te notre engagement envers la qualit\u00e9 et la saveur.<\/p>\n\n\n\n<h4 class=\"wp-block-heading\">Connexion communautaire<\/h4>\n\n\n\n<p>Au-del\u00e0 de servir de d\u00e9licieuses p\u00e2tes fra\u00eeches, nous croyons en la cr\u00e9ation de liens avec notre communaut\u00e9. Lulu\u2019s est plus qu\u2019un simple lieu pour manger ; c\u2019est un point de rencontre pour les amis, les familles et les amateurs de p\u00e2tes fra\u00eeches, r\u00e9unis autour de leur amour commun pour une excellente cuisine.<\/p>\n\n\n\n<h4 class=\"wp-block-heading\">Notre \u00e9quipe<\/h4>\n\n\n\n<p>Notre \u00e9quipe passionn\u00e9e chez Lulu\u2019s est le c\u0153ur et l\u2019\u00e2me de notre \u00e9tablissement. De nos experts culinaires \u00e0 notre personnel amical d\u00e9di\u00e9 \u00e0 un service excellent, chaque membre joue un r\u00f4le essentiel pour rendre votre exp\u00e9rience exceptionnelle.<\/p>\n\n\n\n<h4 class=\"wp-block-heading\">Rejoignez-nous dans notre aventure des p\u00e2tes<\/h4>\n\n\n\n<p>Nous vous invitons \u00e0 nous rejoindre et \u00e0 nous suivre dans notre aventure des p\u00e2tes fra\u00eeches. Que vous soyez un amateur de p\u00e2tes ou un visiteur pour la premi\u00e8re fois, nous vous promettons une exp\u00e9rience qui vous donnera envie d\u2019y revenir.<\/p>\n\n\n\n<p>Merci d\u2019avoir choisi Lulu\u2019s. Buon Appetito !<\/p>\n\n<\/div><\/div>\n\n<div class=\"gb-grid-column gb-grid-column-713bc50d\"><div class=\"gb-container gb-container-713bc50d parallax-curved-img-corners\">\n\n<figure class=\"gb-block-image gb-block-image-b2ad09d0\"><img loading=\"lazy\" decoding=\"async\" width=\"1200\" height=\"800\" class=\"gb-image gb-image-b2ad09d0 parallax-image-h\" src=\"https:\/\/luluspastabar.com\/wp-content\/uploads\/2024\/01\/lulus-pasta-04.webp\" alt=\"\" title=\"lulus-pasta-04\" srcset=\"https:\/\/luluspastabar.com\/wp-content\/uploads\/2024\/01\/lulus-pasta-04.webp 1200w, https:\/\/luluspastabar.com\/wp-content\/uploads\/2024\/01\/lulus-pasta-04-300x200.webp 300w, https:\/\/luluspastabar.com\/wp-content\/uploads\/2024\/01\/lulus-pasta-04-1024x683.webp 1024w, https:\/\/luluspastabar.com\/wp-content\/uploads\/2024\/01\/lulus-pasta-04-768x512.webp 768w\" sizes=\"auto, (max-width: 1200px) 100vw, 1200px\" \/><\/figure>\n\n\n\n<figure class=\"gb-block-image gb-block-image-a1ce7a92\"><img loading=\"lazy\" decoding=\"async\" width=\"1200\" height=\"800\" class=\"gb-image gb-image-a1ce7a92 parallax-image-h\" src=\"https:\/\/luluspastabar.com\/wp-content\/uploads\/2024\/01\/lulus-resto-01.webp\" alt=\"\" title=\"lulus-resto-01\" srcset=\"https:\/\/luluspastabar.com\/wp-content\/uploads\/2024\/01\/lulus-resto-01.webp 1200w, https:\/\/luluspastabar.com\/wp-content\/uploads\/2024\/01\/lulus-resto-01-300x200.webp 300w, https:\/\/luluspastabar.com\/wp-content\/uploads\/2024\/01\/lulus-resto-01-1024x683.webp 1024w, https:\/\/luluspastabar.com\/wp-content\/uploads\/2024\/01\/lulus-resto-01-768x512.webp 768w\" sizes=\"auto, (max-width: 1200px) 100vw, 1200px\" \/><\/figure>\n\n<\/div><\/div>\n<\/div>\n<\/div>\n\n\n<figure class=\"gb-block-image gb-block-image-fea12df4\"><img loading=\"lazy\" decoding=\"async\" width=\"843\" height=\"355\" class=\"gb-image gb-image-fea12df4 floating-logo-about\" src=\"http:\/\/luluspastabar.com\/wp-content\/uploads\/2023\/11\/floating-logo.webp\" alt=\"\" title=\"floating-logo-about\" srcset=\"https:\/\/luluspastabar.com\/wp-content\/uploads\/2023\/11\/floating-logo.webp 843w, https:\/\/luluspastabar.com\/wp-content\/uploads\/2023\/11\/floating-logo-300x126.webp 300w, https:\/\/luluspastabar.com\/wp-content\/uploads\/2023\/11\/floating-logo-768x323.webp 768w\" sizes=\"auto, (max-width: 843px) 100vw, 843px\" \/><\/figure>\n\n<\/div><div class=\"gb-container gb-container-1053ebba\">\n<div class=\"gb-container gb-container-f50fdce1 resolution4k-width\">\n\n<h2 class=\"wp-block-heading has-text-align-center\">P\u00e2tes faites avec amour<\/h2>\n\n\n\n<p class=\"has-text-align-center text-maxwidth\">Chez Lulu&rsquo;s, nous vivons et respirons la perfection des p\u00e2tes. Notre \u00e9quipe de chefs passionn\u00e9s cr\u00e9e des plats exceptionnels qui allient tradition et innovation.<\/p>\n\n\n\n<div style=\"height:50px\" aria-hidden=\"true\" class=\"wp-block-spacer\"><\/div>\n\n\n<div class=\"gb-grid-wrapper gb-grid-wrapper-eef5acd6\">\n<div class=\"gb-grid-column gb-grid-column-45a6046f\"><div class=\"gb-container gb-container-45a6046f\">\n\n<figure class=\"gb-block-image gb-block-image-198b671b\" data-aos=\"zoom-in\" data-aos-delay=\"500\" data-aos-duration=\"1000\" data-aos-easing=\"ease-out-back\" data-aos-once=\"true\"><img loading=\"lazy\" decoding=\"async\" width=\"113\" height=\"113\" class=\"gb-image gb-image-198b671b\" src=\"http:\/\/luluspastabar.com\/wp-content\/uploads\/2023\/11\/icon-pasta.webp\" alt=\"\" title=\"icon-pates\"><\/figure>\n\n\n\n<h5 class=\"wp-block-heading has-text-align-center\" data-aos=\"fade\" data-aos-delay=\"500\" data-aos-duration=\"1000\" data-aos-once=\"true\"><strong>Vari\u00e9t\u00e9 de p\u00e2tes<br\/>In\u00e9gal\u00e9<\/strong><\/h5>\n\n\n\n<div style=\"height:2em\" aria-hidden=\"true\" class=\"wp-block-spacer\"><\/div>\n\n\n\n<figure class=\"gb-block-image gb-block-image-b802c576\" data-aos=\"zoom-in\" data-aos-delay=\"500\" data-aos-duration=\"1000\" data-aos-easing=\"ease-out-back\" data-aos-once=\"true\"><img loading=\"lazy\" decoding=\"async\" width=\"140\" height=\"114\" class=\"gb-image gb-image-b802c576\" src=\"http:\/\/luluspastabar.com\/wp-content\/uploads\/2023\/11\/icon-fresh.webp\" alt=\"\" title=\"icon-frais\"><\/figure>\n\n\n\n<h5 class=\"wp-block-heading has-text-align-center\" data-aos=\"fade\" data-aos-delay=\"500\" data-aos-duration=\"1000\" data-aos-once=\"true\"><strong>Ingr\u00e9dients<br\/>Frais et<br\/>Artisanaux<\/strong><\/h5>\n\n<\/div><\/div>\n\n<div class=\"gb-grid-column gb-grid-column-bd03677d\"><div class=\"gb-container gb-container-bd03677d\">\n\n<figure class=\"gb-block-image gb-block-image-727cb9d6\" data-aos=\"zoom-in\" data-aos-delay=\"1000\" data-aos-duration=\"1000\" data-aos-once=\"true\"><img loading=\"lazy\" decoding=\"async\" width=\"171\" height=\"138\" class=\"gb-image gb-image-727cb9d6\" src=\"http:\/\/luluspastabar.com\/wp-content\/uploads\/2023\/11\/arrow-01.webp\" alt=\"\" title=\"arrow-01\"><\/figure>\n\n\n\n<div style=\"height:8em\" aria-hidden=\"true\" class=\"wp-block-spacer\"><\/div>\n\n\n\n<figure class=\"gb-block-image gb-block-image-b083a0f1\" data-aos=\"zoom-in\" data-aos-delay=\"1000\" data-aos-duration=\"1000\" data-aos-once=\"true\"><img loading=\"lazy\" decoding=\"async\" width=\"183\" height=\"68\" class=\"gb-image gb-image-b083a0f1\" src=\"http:\/\/luluspastabar.com\/wp-content\/uploads\/2023\/11\/arrow-02.webp\" alt=\"\" title=\"arrow-02\"><\/figure>\n\n<\/div><\/div>\n\n<div class=\"gb-grid-column gb-grid-column-b8cadf74\"><div class=\"gb-container gb-container-b8cadf74\">\n\n<figure class=\"gb-block-image gb-block-image-a6a5df56\" data-aos=\"zoom-in\" data-aos-duration=\"1000\" data-aos-easing=\"ease-out-back\" data-aos-once=\"true\"><img loading=\"lazy\" decoding=\"async\" width=\"478\" height=\"710\" class=\"gb-image gb-image-a6a5df56\" src=\"http:\/\/luluspastabar.com\/wp-content\/uploads\/2023\/11\/lulus-pasta-bowl.webp\" alt=\"\" title=\"lulus-pasta-bowl\" srcset=\"https:\/\/luluspastabar.com\/wp-content\/uploads\/2023\/11\/lulus-pasta-bowl.webp 478w, https:\/\/luluspastabar.com\/wp-content\/uploads\/2023\/11\/lulus-pasta-bowl-202x300.webp 202w\" sizes=\"auto, (max-width: 478px) 100vw, 478px\" \/><\/figure>\n\n<\/div><\/div>\n\n<div class=\"gb-grid-column gb-grid-column-75d220cb\"><div class=\"gb-container gb-container-75d220cb\">\n\n<figure class=\"gb-block-image gb-block-image-0556b57c\" data-aos=\"zoom-in\" data-aos-delay=\"1000\" data-aos-duration=\"1000\"><img loading=\"lazy\" decoding=\"async\" width=\"132\" height=\"164\" class=\"gb-image gb-image-0556b57c\" src=\"http:\/\/luluspastabar.com\/wp-content\/uploads\/2023\/11\/arrow-03.webp\" alt=\"\" title=\"arrow-03\"><\/figure>\n\n\n\n<div style=\"height:8em\" aria-hidden=\"true\" class=\"wp-block-spacer\"><\/div>\n\n\n\n<figure class=\"gb-block-image gb-block-image-15bbf579\" data-aos=\"zoom-in\" data-aos-delay=\"1000\" data-aos-duration=\"1000\" data-aos-once=\"true\"><img loading=\"lazy\" decoding=\"async\" width=\"178\" height=\"57\" class=\"gb-image gb-image-15bbf579\" src=\"http:\/\/luluspastabar.com\/wp-content\/uploads\/2023\/11\/arrow-04.webp\" alt=\"\" title=\"arrow-04\"><\/figure>\n\n<\/div><\/div>\n\n<div class=\"gb-grid-column gb-grid-column-7d33e5e0\"><div class=\"gb-container gb-container-7d33e5e0\">\n\n<figure class=\"gb-block-image gb-block-image-e6aab66c\" data-aos=\"zoom-in\" data-aos-delay=\"500\" data-aos-duration=\"1000\" data-aos-easing=\"ease-out-back\" data-aos-once=\"true\"><img loading=\"lazy\" decoding=\"async\" width=\"122\" height=\"106\" class=\"gb-image gb-image-e6aab66c\" src=\"http:\/\/luluspastabar.com\/wp-content\/uploads\/2023\/11\/icon-serving.webp\" alt=\"\" title=\"icon-serving\"><\/figure>\n\n\n\n<h5 class=\"wp-block-heading\" data-aos=\"fade\" data-aos-delay=\"500\" data-aos-duration=\"1000\" data-aos-once=\"true\"><strong>Personnalisation \u00e0<br\/>vos doigts<\/strong><\/h5>\n\n\n\n<div style=\"height:2em\" aria-hidden=\"true\" class=\"wp-block-spacer\"><\/div>\n\n\n\n<figure class=\"gb-block-image gb-block-image-d927d324\" data-aos=\"zoom-in\" data-aos-delay=\"500\" data-aos-duration=\"1000\" data-aos-easing=\"ease-out-back\" data-aos-once=\"true\"><img loading=\"lazy\" decoding=\"async\" width=\"128\" height=\"130\" class=\"gb-image gb-image-d927d324\" src=\"http:\/\/luluspastabar.com\/wp-content\/uploads\/2023\/11\/icon-spicy.webp\" alt=\"\" title=\"icon-spicy\"><\/figure>\n\n\n\n<h5 class=\"wp-block-heading\" data-aos=\"fade\" data-aos-delay=\"500\" data-aos-duration=\"1000\" data-aos-once=\"true\"><strong>Saveurs<br\/>Inoubliables<\/strong><\/h5>\n\n<\/div><\/div>\n<\/div>\n<\/div>\n\n<div class=\"gb-container gb-container-8bd30937 footer-image parallax\">\n\n<figure class=\"gb-block-image gb-block-image-c95efb95\"><img loading=\"lazy\" decoding=\"async\" width=\"1920\" height=\"669\" class=\"gb-image gb-image-c95efb95 parallax-image\" src=\"https:\/\/luluspastabar.com\/wp-content\/uploads\/2024\/01\/pre-footer-ingredients-02.webp\" alt=\"\" title=\"pre-footer-ingredients-02\" srcset=\"https:\/\/luluspastabar.com\/wp-content\/uploads\/2024\/01\/pre-footer-ingredients-02.webp 1920w, https:\/\/luluspastabar.com\/wp-content\/uploads\/2024\/01\/pre-footer-ingredients-02-300x105.webp 300w, https:\/\/luluspastabar.com\/wp-content\/uploads\/2024\/01\/pre-footer-ingredients-02-1024x357.webp 1024w, https:\/\/luluspastabar.com\/wp-content\/uploads\/2024\/01\/pre-footer-ingredients-02-768x268.webp 768w, https:\/\/luluspastabar.com\/wp-content\/uploads\/2024\/01\/pre-footer-ingredients-02-1536x535.webp 1536w\" sizes=\"auto, (max-width: 1920px) 100vw, 1920px\" \/><\/figure>\n\n<\/div>\n<\/div>","protected":false},"excerpt":{"rendered":"<p>\u00c0 propos de Lulu&rsquo;s Bienvenue chez Lulu\u2019s Pasta Bar, o\u00f9 la passion pour les p\u00e2tes fra\u00eeches rencontre le plaisir de la d\u00e9gustation. Chez Lulu\u2019s, nous croyons \u00e0 servir plus qu\u2019un simple repas rapide ; nous offrons une exp\u00e9rience \u00e9labor\u00e9e avec amour, d\u00e9vouement et les meilleurs ingr\u00e9dients que nos mains peuvent obtenir. P\u00e2tes faites avec amour &#8230; <a title=\"\u00c0 propos\" class=\"read-more\" href=\"https:\/\/luluspastabar.com\/fr\/a-propos\/\" aria-label=\"En savoir plus sur \u00c0 propos\">Lire la suite<\/a><\/p>\n","protected":false},"author":2,"featured_media":0,"parent":0,"menu_order":0,"comment_status":"closed","ping_status":"closed","template":"","meta":{"footnotes":""},"class_list":["post-246","page","type-page","status-publish"],"_links":{"self":[{"href":"https:\/\/luluspastabar.com\/fr\/wp-json\/wp\/v2\/pages\/246","targetHints":{"allow":["GET"]}}],"collection":[{"href":"https:\/\/luluspastabar.com\/fr\/wp-json\/wp\/v2\/pages"}],"about":[{"href":"https:\/\/luluspastabar.com\/fr\/wp-json\/wp\/v2\/types\/page"}],"author":[{"embeddable":true,"href":"https:\/\/luluspastabar.com\/fr\/wp-json\/wp\/v2\/users\/2"}],"replies":[{"embeddable":true,"href":"https:\/\/luluspastabar.com\/fr\/wp-json\/wp\/v2\/comments?post=246"}],"version-history":[{"count":0,"href":"https:\/\/luluspastabar.com\/fr\/wp-json\/wp\/v2\/pages\/246\/revisions"}],"wp:attachment":[{"href":"https:\/\/luluspastabar.com\/fr\/wp-json\/wp\/v2\/media?parent=246"}],"curies":[{"name":"wp","href":"https:\/\/api.w.org\/{rel}","templated":true}]}}