
{"id":252,"date":"2023-11-15T19:57:27","date_gmt":"2023-11-16T00:57:27","guid":{"rendered":"http:\/\/luluspastabar.com\/politique-de-confidentialite\/"},"modified":"2024-01-11T14:19:52","modified_gmt":"2024-01-11T19:19:52","slug":"politique-de-confidentialite","status":"publish","type":"page","link":"https:\/\/luluspastabar.com\/fr\/politique-de-confidentialite\/","title":{"rendered":"Politique de confidentialit\u00e9"},"content":{"rendered":"\n<p>Date d&rsquo;entr\u00e9e en vigueur: 2023-10-12<\/p>\n\n\n\n<p>Mise \u00e0 jour le: 2024-01-11<\/p>\n\n\n\n<p>Cette Politique de confidentialit\u00e9 explicite les politiques de Lulu&rsquo;s Pasta Bar relatives \u00e0 la collecte et l&rsquo;utilisation des informations que nous recueillons lorsque vous acc\u00e9dez \u00e0 https:\/\/luluspastabar.com\/ (le \u00abService\u00bb). Cette Politique de confidentialit\u00e9 d\u00e9crit vos droits en mati\u00e8re de confidentialit\u00e9 et la fa\u00e7on dont vous \u00eates prot\u00e9g\u00e9 par les lois sur la confidentialit\u00e9.<\/p>\n\n\n\n<p>En utilisant notre Service, vous consentez \u00e0 la collecte et \u00e0 l&rsquo;utilisation de vos informations conform\u00e9ment \u00e0 la pr\u00e9sente Politique de confidentialit\u00e9. Veuillez ne pas acc\u00e9der \u00e0 notre Service ou l&rsquo;utiliser si vous ne consentez pas \u00e0 la collecte et \u00e0 l&rsquo;utilisation de vos informations comme indiqu\u00e9 dans la pr\u00e9sente Politique de confidentialit\u00e9. <\/p>\n\n\n\n<p>Lulu&rsquo;s Pasta Bar est autoris\u00e9 \u00e0 modifier cette Politique de confidentialit\u00e9 \u00e0 tout moment, y compris sans avis pr\u00e9alable.<\/p>\n\n\n\n<p>Lulu&rsquo;s Pasta Bar publiera la Politique de confidentialit\u00e9 r\u00e9vis\u00e9e sur le site Web https:\/\/luluspastabar.com\/.<\/p>\n\n\n\n<p><strong>COLLECTE ET UTILISATION DE VOS INFORMATIONS PERSONNELLES<\/strong><\/p>\n\n\n\n<p><strong>INFORMATIONS QUE NOUS COLLECTONS<\/strong><\/p>\n\n\n\n<p>Lorsque vous utilisez notre Service, vous serez invit\u00e9 \u00e0 nous fournir des informations personnelles utilis\u00e9es pour vous contacter ou vous identifier.<br>https:\/\/luluspastabar.com\/ collecte les informations suivantes:<\/p>\n\n\n\n<ul class=\"wp-block-list\">\n<li>Donn\u00e9es d&rsquo;utilisation<\/li>\n\n\n\n<li>Nom<\/li>\n\n\n\n<li>E-mail<\/li>\n\n\n\n<li>Num\u00e9ro de t\u00e9l\u00e9phone portable<\/li>\n<\/ul>\n\n\n\n<p>Les donn\u00e9es d&rsquo;utilisation comprennent les \u00e9l\u00e9ments suivants:<\/p>\n\n\n\n<ul class=\"wp-block-list\">\n<li>L&rsquo;adresse de protocole Internet (IP) des ordinateurs acc\u00e9dant au site<\/li>\n\n\n\n<li>Demandes de pages Web<\/li>\n\n\n\n<li>Pages Web de renvoi<\/li>\n\n\n\n<li>Navigateur utilis\u00e9 pour acc\u00e9der au site<\/li>\n\n\n\n<li>Date et heure d&rsquo;acc\u00e8s<\/li>\n<\/ul>\n\n\n\n<p><strong>COMMENT NOUS COLLECTONS LES INFORMATIONS<\/strong><\/p>\n\n\n\n<p>https:\/\/luluspastabar.com\/ collecte et re\u00e7oit des informations de votre part de la mani\u00e8re suivante:<\/p>\n\n\n\n<ul class=\"wp-block-list\">\n<li>Lorsque vous remplissez un formulaire d&rsquo;inscription ou soumettez autrement vos informations personnelles.<\/li>\n<\/ul>\n\n\n\n<p>Vos informations seront stock\u00e9es jusqu&rsquo;\u00e0 365 jour(s) apr\u00e8s que vous ayez r\u00e9sili\u00e9 votre compte. Vos informations peuvent \u00eatre conserv\u00e9es pendant des p\u00e9riodes<br>plus longues pour l&rsquo;\u00e9tablissement de rapports ou la tenue d&rsquo;archives, conform\u00e9ment aux lois applicables. Les informations qui ne permettent pas de vous<br>identifier personnellement peuvent \u00eatre conserv\u00e9es ind\u00e9finiment.<\/p>\n\n\n\n<p><strong>COMMENT NOUS UTILISONS VOS INFORMATIONS<\/strong><\/p>\n\n\n\n<p>https:\/\/luluspastabar.com\/ peut utiliser vos informations aux fins suivantes:<\/p>\n\n\n\n<ul class=\"wp-block-list\">\n<li>Fournir et maintenir notre Service, ainsi que surveiller l&rsquo;utilisation de notre Service.<\/li>\n\n\n\n<li>Autres fins. Lulu&rsquo;s Pasta Bar utilisera vos informations pour l&rsquo;analyse des donn\u00e9es afin d&rsquo;identifier les tendances d&rsquo;utilisation ou de d\u00e9terminer<br>l&rsquo;efficacit\u00e9 de nos campagnes de marketing lorsque cela est raisonnable. Nous utiliserons vos informations pour \u00e9valuer et am\u00e9liorer notre Service, nos<br>produits, nos services et nos efforts de marketing.<\/li>\n<\/ul>\n\n\n\n<p><strong>COMMENT NOUS PARTAGEONS VOS INFORMATIONS<\/strong><\/p>\n\n\n\n<p>Lulu&rsquo;s Pasta Bar partagera vos informations, le cas \u00e9ch\u00e9ant, dans les situations suivantes:<\/p>\n\n\n\n<ul class=\"wp-block-list\">\n<li>Avec votre consentement. Lulu&rsquo;s Pasta Bar partagera vos informations \u00e0 toute fin avec votre consentement explicite.<\/li>\n<\/ul>\n\n\n\n<p><strong>PARTAGE AVEC DES TIERS<\/strong><\/p>\n\n\n\n<p>Vos informations peuvent \u00eatre divulgu\u00e9es pour d&rsquo;autres raisons, notamment:<\/p>\n\n\n\n<ul class=\"wp-block-list\">\n<li>Se conformer aux lois, r\u00e8glements ou ordonnances judiciaires applicables.<\/li>\n\n\n\n<li>R\u00e9pondre aux r\u00e9clamations selon lesquelles votre utilisation de notre Service viole les droits de tiers.<\/li>\n\n\n\n<li>Faire respecter les accords que vous avez conclus avec nous, y compris la pr\u00e9sente Politique de confidentialit\u00e9.<\/li>\n<\/ul>\n\n\n\n<p><strong>COOKIES<\/strong><\/p>\n\n\n\n<p>Les cookies sont de petits fichiers texte qui sont plac\u00e9s sur votre ordinateur par les sites Web que vous visitez. Les sites Web utilisent des cookies pour<br>aider les utilisateurs \u00e0 naviguer efficacement et \u00e0 ex\u00e9cuter certaines fonctions. Les cookies qui sont n\u00e9cessaires au bon fonctionnement du site Web peuvent<br>\u00eatre install\u00e9s sans votre autorisation. Tous les autres cookies doivent \u00eatre approuv\u00e9s avant de pouvoir \u00eatre install\u00e9s dans le navigateur.<\/p>\n\n\n\n<ul class=\"wp-block-list\">\n<li>Cookies strictement n\u00e9cessaires. Les cookies strictement n\u00e9cessaires habilitent des fonctionnalit\u00e9s de base du site Web telles que la connexion des<br>utilisateurs et la gestion des comptes. Le site Web ne peut pas \u00eatre utilis\u00e9 correctement sans les cookies strictement n\u00e9cessaires.<\/li>\n\n\n\n<li>Cookies de performance. Les cookies de performance sont utilis\u00e9s pour voir comment les visiteurs utilisent le site Web, par exemple les cookies d&rsquo;analyse.<br>Ces cookies ne peuvent pas \u00eatre utilis\u00e9s pour identifier directement un visiteur sp\u00e9cifique.<\/li>\n\n\n\n<li>Cookies de ciblage. Les cookies de ciblage sont utilis\u00e9s pour identifier les visiteurs sur diff\u00e9rents sites Web, par exemple les partenaires de contenu, les<br>r\u00e9seaux de banni\u00e8res. Ces cookies peuvent \u00eatre utilis\u00e9s par les entreprises pour cr\u00e9er un profil des int\u00e9r\u00eats des visiteurs ou afficher des publicit\u00e9s<br>pertinentes sur d&rsquo;autres sites Web.<\/li>\n\n\n\n<li>Cookies de fonctionnalit\u00e9. Les cookies de fonctionnalit\u00e9 sont utilis\u00e9s pour m\u00e9moriser les informations des visiteurs sur le site Web, comme. la langue, le<br>fuseau horaire, le contenu am\u00e9lior\u00e9.<\/li>\n\n\n\n<li>Cookies non classifi\u00e9s. Les cookies non classifi\u00e9s sont des cookies qui n&rsquo;appartiennent \u00e0 aucune autre cat\u00e9gorie ou qui sont en cours de cat\u00e9gorisation.<\/li>\n<\/ul>\n\n\n\n<p>Vous pouvez modifier votre consentement \u00e0 l&rsquo;utilisation des cookies ci-dessous.<\/p>\n\n\n\n<script type=\"text\/javascript\" charSet=\"UTF-8\" data-cookiescriptreport=\"report\" src=\/\/report.cookie-script.com\/r\/df6cee5c80143e992fc1519502d2d17c.js> <\/script>\n\n\n\n<p><strong>S\u00c9CURIT\u00c9<\/strong><\/p>\n\n\n\n<p>La s\u00e9curit\u00e9 de vos informations nous tient \u00e0 c\u0153ur. https:\/\/luluspastabar.com\/ utilise une s\u00e9rie de mesures de s\u00e9curit\u00e9 pour emp\u00eacher l&rsquo;utilisation abusive, la<br>perte ou l&rsquo;alt\u00e9ration des informations que vous nous avez fournies. Toutefois, comme nous ne pouvons pas garantir la s\u00e9curit\u00e9 des informations que vous nous<br>fournissez, vous devez acc\u00e9der \u00e0 notre service \u00e0 vos propres risques.<\/p>\n\n\n\n<p>Lulu&rsquo;s Pasta Bar n&rsquo;est pas responsable de la performance des sites Web exploit\u00e9s par des tiers ou de vos interactions avec eux. Lorsque vous quittez ce site<br>Web, nous vous recommandons de passer en revue les pratiques de confidentialit\u00e9 des autres sites Web avec lesquels vous interagissez et de d\u00e9terminer si ces<br>pratiques sont ad\u00e9quates.<\/p>\n\n\n\n<p><strong>NOUS CONTACTER<\/strong><\/p>\n\n\n\n<p>Pour toute question, veuillez nous contacter par les biais suivants:<\/p>\n\n\n\n<p>Nom: Lulu&rsquo;s Pasta Bar<\/p>\n\n\n\n<p>Adresse: 1346 Notre-Dame St W, Montreal, Quebec H3C 1K7<\/p>\n\n\n\n<p>E-mail: nd@luluspastabar.com<\/p>\n\n\n\n<p>Site Web: https:\/\/luluspastabar.com\/<\/p>\n\n\n\n<p>T\u00e9l\u00e9phone: (514) 317-1240<\/p>\n","protected":false},"excerpt":{"rendered":"<p>Date d&rsquo;entr\u00e9e en vigueur: 2023-10-12 Mise \u00e0 jour le: 2024-01-11 Cette Politique de confidentialit\u00e9 explicite les politiques de Lulu&rsquo;s Pasta Bar relatives \u00e0 la collecte et l&rsquo;utilisation des informations que nous recueillons lorsque vous acc\u00e9dez \u00e0 https:\/\/luluspastabar.com\/ (le \u00abService\u00bb). Cette Politique de confidentialit\u00e9 d\u00e9crit vos droits en mati\u00e8re de confidentialit\u00e9 et la fa\u00e7on dont vous &#8230; <a title=\"Politique de confidentialit\u00e9\" class=\"read-more\" href=\"https:\/\/luluspastabar.com\/fr\/politique-de-confidentialite\/\" aria-label=\"En savoir plus sur Politique de confidentialit\u00e9\">Lire la suite<\/a><\/p>\n","protected":false},"author":2,"featured_media":0,"parent":0,"menu_order":0,"comment_status":"closed","ping_status":"closed","template":"","meta":{"footnotes":""},"class_list":["post-252","page","type-page","status-publish"],"_links":{"self":[{"href":"https:\/\/luluspastabar.com\/fr\/wp-json\/wp\/v2\/pages\/252","targetHints":{"allow":["GET"]}}],"collection":[{"href":"https:\/\/luluspastabar.com\/fr\/wp-json\/wp\/v2\/pages"}],"about":[{"href":"https:\/\/luluspastabar.com\/fr\/wp-json\/wp\/v2\/types\/page"}],"author":[{"embeddable":true,"href":"https:\/\/luluspastabar.com\/fr\/wp-json\/wp\/v2\/users\/2"}],"replies":[{"embeddable":true,"href":"https:\/\/luluspastabar.com\/fr\/wp-json\/wp\/v2\/comments?post=252"}],"version-history":[{"count":0,"href":"https:\/\/luluspastabar.com\/fr\/wp-json\/wp\/v2\/pages\/252\/revisions"}],"wp:attachment":[{"href":"https:\/\/luluspastabar.com\/fr\/wp-json\/wp\/v2\/media?parent=252"}],"curies":[{"name":"wp","href":"https:\/\/api.w.org\/{rel}","templated":true}]}}